{"id":4287,"date":"2021-07-30T21:11:53","date_gmt":"2021-07-30T19:11:53","guid":{"rendered":"https:\/\/pdm-guliver.hr\/?page_id=4287"},"modified":"2025-03-21T04:55:58","modified_gmt":"2025-03-21T03:55:58","slug":"welcome-2","status":"publish","type":"page","link":"https:\/\/pdm-guliver.bitmedix.eu\/it\/","title":{"rendered":"Benvenuti"},"content":{"rendered":"<div class=\"wpb-content-wrapper\"><p>[vc_row][vc_column css_animation=&#8221;none&#8221; awb_type=&#8221;video&#8221; awb_image_background_position=&#8221;50% 50%&#8221; awb_video_mobile=&#8221;1&#8243; awb_video_always_play=&#8221;1&#8243; css=&#8221;.vc_custom_1620600362536{margin-top: 0px !important;margin-right: 0px !important;margin-bottom: 0px !important;margin-left: 0px !important;border-top-width: 0px !important;border-right-width: 0px !important;border-bottom-width: 0px !important;border-left-width: 0px !important;padding-top: 0px !important;padding-right: 0px !important;padding-bottom: 0px !important;padding-left: 0px !important;}&#8221; awb_video_start_time=&#8221;0&#8243; awb_video_mp4=&#8221;https:\/\/pdm-guliver.hr\/wp-content\/uploads\/2021\/05\/VisitBaska.mp4&#8243; el_class=&#8221;videobaska&#8221; awb_image=&#8221;2373&#8243;][\/vc_column][\/vc_row][vc_row css=&#8221;.vc_custom_1627667101449{background-color: #ffffff !important;}&#8221;][vc_column width=&#8221;1\/6&#8243; css=&#8221;.vc_custom_1627667113778{background-color: #ffffff !important;}&#8221; offset=&#8221;vc_col-md-offset-0 vc_hidden-sm vc_hidden-xs&#8221;][\/vc_column][vc_column width=&#8221;2\/3&#8243; css=&#8221;.vc_custom_1620715673430{margin-top: 10px !important;margin-right: 0px !important;margin-bottom: 0px !important;margin-left: 0px !important;border-top-width: 0px !important;border-right-width: 0px !important;border-bottom-width: 0px !important;border-left-width: 0px !important;padding-top: 0px !important;padding-right: 0px !important;padding-bottom: 0px !important;padding-left: 0px !important;background-color: #ffffff !important;}&#8221;][vc_cta h2=&#8221;Divertiti la vita vacanziera nella bellissima Ba\u0161ka e nei nostri appartamenti&#8221; color=&#8221;sky&#8221; add_button=&#8221;left&#8221; btn_title=&#8221;Scegli alloggio&#8221; btn_color=&#8221;primary&#8221; btn_align=&#8221;left&#8221; css_animation=&#8221;none&#8221; btn_button_block=&#8221;true&#8221; css=&#8221;.vc_custom_1627844830913{margin-top: 0px !important;margin-right: 0px !important;margin-bottom: 0px !important;margin-left: 0px !important;border-top-width: 0px !important;border-right-width: 0px !important;border-bottom-width: 0px !important;border-left-width: 0px !important;padding-top: 10px !important;padding-right: 40px !important;padding-bottom: 0px !important;padding-left: 40px !important;background-color: #ffffff !important;}&#8221; btn_link=&#8221;url:http%3A%2F%2Fpdm-guliver.hr%2Fit%2Fappartamenti%2F&#8221;]<\/p>\n<p><span style=\"font-size: 18px;\">Scegli le nostre unit\u00e0 di alloggio ed esplora le numerose attrazioni, la pi\u00f9 grande e per alcuni la pi\u00f9 bella spiaggia dell&#8217;Adriatico. Fai una passeggiata lungo i nostri sentieri escursionistici e scopri i panorami tardivi della zona costiera.<\/span><\/p>\n<p>[\/vc_cta][\/vc_column][vc_column width=&#8221;1\/6&#8243; css=&#8221;.vc_custom_1627667106686{background-color: #ffffff !important;}&#8221; offset=&#8221;vc_col-md-offset-0 vc_hidden-sm vc_hidden-xs&#8221;][\/vc_column][\/vc_row]<\/p>\n<\/div>","protected":false},"excerpt":{"rendered":"<p>[vc_row][vc_column css_animation=&#8221;none&#8221; awb_type=&#8221;video&#8221; awb_image_background_position=&#8221;50% 50%&#8221; awb_video_mobile=&#8221;1&#8243; awb_video_always_play=&#8221;1&#8243; css=&#8221;.vc_custom_1620600362536{margin-top: 0px !important;margin-right: 0px !important;margin-bottom: 0px !important;margin-left: 0px !important;border-top-width: 0px !important;border-right-width: 0px !important;border-bottom-width: 0px !important;border-left-width: 0px !important;padding-top: 0px !important;padding-right: 0px !important;padding-bottom: 0px !important;padding-left: 0px !important;}&#8221; awb_video_start_time=&#8221;0&#8243; awb_video_mp4=&#8221;https:\/\/pdm-guliver.hr\/wp-content\/uploads\/2021\/05\/VisitBaska.mp4&#8243; el_class=&#8221;videobaska&#8221; awb_image=&#8221;2373&#8243;][\/vc_column][\/vc_row][vc_row css=&#8221;.vc_custom_1627667101449{background-color: #ffffff !important;}&#8221;][vc_column width=&#8221;1\/6&#8243; css=&#8221;.vc_custom_1627667113778{background-color: #ffffff !important;}&#8221; offset=&#8221;vc_col-md-offset-0 vc_hidden-sm vc_hidden-xs&#8221;][\/vc_column][vc_column width=&#8221;2\/3&#8243; css=&#8221;.vc_custom_1620715673430{margin-top: 10px !important;margin-right: 0px !important;margin-bottom: 0px !important;margin-left: 0px [&hellip;]<\/p>\n","protected":false},"author":1,"featured_media":0,"parent":0,"menu_order":0,"comment_status":"closed","ping_status":"closed","template":"redux-templates_full_width","meta":{"footnotes":""},"class_list":["post-4287","page","type-page","status-publish","hentry"],"_links":{"self":[{"href":"https:\/\/pdm-guliver.bitmedix.eu\/it\/wp-json\/wp\/v2\/pages\/4287","targetHints":{"allow":["GET"]}}],"collection":[{"href":"https:\/\/pdm-guliver.bitmedix.eu\/it\/wp-json\/wp\/v2\/pages"}],"about":[{"href":"https:\/\/pdm-guliver.bitmedix.eu\/it\/wp-json\/wp\/v2\/types\/page"}],"author":[{"embeddable":true,"href":"https:\/\/pdm-guliver.bitmedix.eu\/it\/wp-json\/wp\/v2\/users\/1"}],"replies":[{"embeddable":true,"href":"https:\/\/pdm-guliver.bitmedix.eu\/it\/wp-json\/wp\/v2\/comments?post=4287"}],"version-history":[{"count":5,"href":"https:\/\/pdm-guliver.bitmedix.eu\/it\/wp-json\/wp\/v2\/pages\/4287\/revisions"}],"predecessor-version":[{"id":7565,"href":"https:\/\/pdm-guliver.bitmedix.eu\/it\/wp-json\/wp\/v2\/pages\/4287\/revisions\/7565"}],"wp:attachment":[{"href":"https:\/\/pdm-guliver.bitmedix.eu\/it\/wp-json\/wp\/v2\/media?parent=4287"}],"curies":[{"name":"wp","href":"https:\/\/api.w.org\/{rel}","templated":true}]}}