{"id":1142,"date":"2021-03-01T08:17:10","date_gmt":"2021-03-01T07:17:10","guid":{"rendered":"http:\/\/pdm-guliver.hr\/?page_id=1142"},"modified":"2022-12-17T18:16:22","modified_gmt":"2022-12-17T17:16:22","slug":"about-baska","status":"publish","type":"page","link":"https:\/\/pdm-guliver.bitmedix.eu\/it\/about-baska\/","title":{"rendered":"La regione di Ba\u0161ka"},"content":{"rendered":"<p><img decoding=\"async\" class=\"alignnone size-large wp-image-1152\" src=\"http:\/\/pdm-guliver.hr\/wp-content\/uploads\/2021\/03\/Untitled_Panorama2-1024x233.jpg\" alt=\"\" width=\"100%\" height=\"233\" srcset=\"https:\/\/pdm-guliver.bitmedix.eu\/wp-content\/uploads\/2021\/03\/Untitled_Panorama2-1024x233.jpg 1024w, https:\/\/pdm-guliver.bitmedix.eu\/wp-content\/uploads\/2021\/03\/Untitled_Panorama2-300x68.jpg 300w, https:\/\/pdm-guliver.bitmedix.eu\/wp-content\/uploads\/2021\/03\/Untitled_Panorama2-768x174.jpg 768w, https:\/\/pdm-guliver.bitmedix.eu\/wp-content\/uploads\/2021\/03\/Untitled_Panorama2-1536x349.jpg 1536w, https:\/\/pdm-guliver.bitmedix.eu\/wp-content\/uploads\/2021\/03\/Untitled_Panorama2-2048x465.jpg 2048w\" sizes=\"(max-width: 1024px) 100vw, 1024px\" \/><\/p>\n<p>La regione di Ba\u0161ka, nella parte sud-orientale dell&#8217;isola, si distingue per alcune caratteristiche. Quando, dalla valle di Punat, saliamo a un\u2019altezza di circa 330 m, tra le colline di Treskavac, circondati dalle cime pi\u00f9 alte dell\u2019isola (Obzovi, circa 570 m) e poi, all\u2019improvviso, ci troviamo in fronte alla valle di Ba\u0161ka, rimaniamo a bocca aperta, quasi senza respiro. Non siamo pronti per questo capolavoro della natura, questo legame tra monti e mare.<\/p>\n<p>Proprio qui, nel 1100, fu redatto il certificato di nascita del popolo croato, la Tavola di Ba\u0161ka. Ba\u0161ka si distingue anche per la sua spiaggia semicircolare di ghiaia e sabbia, una delle pi\u00f9 grandi e pi\u00f9 belle dell&#8217;Adriatico, lunga oltre 1800 metri. La sottile sabbia rappresenta, specie per chi non sa nuotare e per i bambini, un motivo di gran divertimento sulla spiaggia, mentre degrada dolcemente verso il mare.<\/p>\n<p>Come altri villaggi dell\u2019isola di Veglia, la sua parte antica \u00e8 un labirinto di vie strette e case addossate l\u2019una all&#8217;altra, che formano un tipico ambiente mediterraneo.<\/p>\n<p>Oltre per la sua magnifica spiaggia, Ba\u0161ka \u00e8 interessante anche per la sua tipica architettura, per i numerosi monumenti e per i sentieri escursionistici nelle sue vicinanze. Inoltre, Ba\u0161ka \u00e8 nota per la sua offerta di alloggi di alta qualit\u00e0: alberghi, campeggi e sistemazioni in case private.<\/p>\n<p>Gli inizi del turismo risalgono al XIX secolo, per l\u2019esattezza nel 1904, quando fu fondata la \u201cSociet\u00e0 per l&#8217;abbellimento della citt\u00e0\u201c e, due anni dopo, fu aperto il primo albergo; nel 1908 fu attrezzata la spiaggia ed eretta una costruzione d\u2019appoggio. I primi ospiti furono di nazionalit\u00e0 ceca, rimasti fino ad oggi fedeli al villaggio, che giunsero qui grazie al direttore della \u201cNarodna politika\u201d di Praga, Emil Geistlich; egli, grande ammiratore di Ba\u0161ka, diffuse la voce sulla bellezza unica di quest\u2019area. Gli abitanti di Ba\u0161ka, in segno di ringraziamento, gli dedicarono un monumento, che sorge nei pressi della spiaggia.<\/p>\n<p>&nbsp;<\/p>\n<p><img decoding=\"async\" class=\"alignnone size-large wp-image-1153\" src=\"http:\/\/pdm-guliver.hr\/wp-content\/uploads\/2021\/03\/IMG_5651_stitch-1024x317.jpg\" alt=\"\" width=\"100%\" height=\"317\" srcset=\"https:\/\/pdm-guliver.bitmedix.eu\/wp-content\/uploads\/2021\/03\/IMG_5651_stitch-1024x317.jpg 1024w, https:\/\/pdm-guliver.bitmedix.eu\/wp-content\/uploads\/2021\/03\/IMG_5651_stitch-300x93.jpg 300w, https:\/\/pdm-guliver.bitmedix.eu\/wp-content\/uploads\/2021\/03\/IMG_5651_stitch-768x238.jpg 768w, https:\/\/pdm-guliver.bitmedix.eu\/wp-content\/uploads\/2021\/03\/IMG_5651_stitch-1536x476.jpg 1536w, https:\/\/pdm-guliver.bitmedix.eu\/wp-content\/uploads\/2021\/03\/IMG_5651_stitch-2048x635.jpg 2048w, https:\/\/pdm-guliver.bitmedix.eu\/wp-content\/uploads\/2021\/03\/IMG_5651_stitch-1614x500.jpg 1614w\" sizes=\"(max-width: 1024px) 100vw, 1024px\" \/><\/p>\n","protected":false},"excerpt":{"rendered":"<p>La regione di Ba\u0161ka, nella parte sud-orientale dell&#8217;isola, si distingue per alcune caratteristiche. Quando, dalla valle di Punat, saliamo a un\u2019altezza di circa 330 m, tra le colline di Treskavac, circondati dalle cime pi\u00f9 alte dell\u2019isola (Obzovi, circa 570 m) e poi, all\u2019improvviso, ci troviamo in fronte alla valle di Ba\u0161ka, rimaniamo a bocca aperta, [&hellip;]<\/p>\n","protected":false},"author":2,"featured_media":0,"parent":0,"menu_order":0,"comment_status":"closed","ping_status":"closed","template":"","meta":{"footnotes":""},"class_list":["post-1142","page","type-page","status-publish","hentry"],"_links":{"self":[{"href":"https:\/\/pdm-guliver.bitmedix.eu\/it\/wp-json\/wp\/v2\/pages\/1142","targetHints":{"allow":["GET"]}}],"collection":[{"href":"https:\/\/pdm-guliver.bitmedix.eu\/it\/wp-json\/wp\/v2\/pages"}],"about":[{"href":"https:\/\/pdm-guliver.bitmedix.eu\/it\/wp-json\/wp\/v2\/types\/page"}],"author":[{"embeddable":true,"href":"https:\/\/pdm-guliver.bitmedix.eu\/it\/wp-json\/wp\/v2\/users\/2"}],"replies":[{"embeddable":true,"href":"https:\/\/pdm-guliver.bitmedix.eu\/it\/wp-json\/wp\/v2\/comments?post=1142"}],"version-history":[{"count":0,"href":"https:\/\/pdm-guliver.bitmedix.eu\/it\/wp-json\/wp\/v2\/pages\/1142\/revisions"}],"wp:attachment":[{"href":"https:\/\/pdm-guliver.bitmedix.eu\/it\/wp-json\/wp\/v2\/media?parent=1142"}],"curies":[{"name":"wp","href":"https:\/\/api.w.org\/{rel}","templated":true}]}}