{"id":976,"date":"2021-02-17T17:10:03","date_gmt":"2021-02-17T17:10:03","guid":{"rendered":"http:\/\/pdm-guliver.hr\/?page_id=976"},"modified":"2022-12-17T18:38:34","modified_gmt":"2022-12-17T17:38:34","slug":"terms-conditions","status":"publish","type":"page","link":"https:\/\/pdm-guliver.bitmedix.eu\/hr\/opci-uvjeti-poslovanja\/","title":{"rendered":"Op\u0107i uvjeti poslovanja"},"content":{"rendered":"<p>Upute i uvjeti rezervacije putovanja i odmora<\/p>\n<p>OP\u0106I UVJETI<br \/>\nPutnik se pismenim odnosno usmenim putem obvezuje da u cijelosti prihva\u0107a ove Uvjete rezervacije putovanja koje je prethodno pa\u017eljivo prou\u010dio. Prilikom prijave, a u svrhu rezervacije odabrane usluge, putnik upla\u0107uje 30% cijene aran\u017emana (po objektu) osim ako u programu nije druk\u010dije navedeno. Ostatak iznosa do pune cijene aran\u017emana gost pla\u0107a na recepciji u gotovini!<\/p>\n<p>CIJENA USLUGA<br \/>\nCijena usluge navedena je u programu. Sve vrste posebnih usluga koje nisu uklju\u010dene u cijenu gost sam pla\u0107a i du\u017ean ih je naru\u010diti prilikom izvr\u0161enja rezervacije ili na upit na licu mjesta.<\/p>\n<p>PROMJENA CIJENE<br \/>\nPDM Guliver Tourist Agency zadr\u017eava pravo promjene cijena ukoliko je do\u0161lo do promjene valutnih te\u010dajeva u odnosu na dan objavljivanja cijena (iznad 0,5 %), te promjene tarifa poslovnih partnera. PDM Guliver Tourist Agency mo\u017ee o promjeni cijene gosta izvijestiti pismeno ili usmeno. Gost mo\u017ee otkazati putovanje bez tro\u0161ka otkaza ako do\u0111e do povi\u0161enja cijene vi\u0161e od 10% u odnosu na ugovorenu i to najkasnije u roku od 48 sati od primljene pismene obavijesti. Ne otka\u017ee li gost osobno ili pismenim putem u navedenom roku, smatra se da je suglasan s promjenom cijene. Objavljene cijene rezultat su ugovora PDM Guliver Tourist Agency s partnerima i ne moraju odgovarati cijenama istaknutima na licu mjesta u destinaciji u kojoj gost boravi.<\/p>\n<p>PUTNA DOKUMENTACIJA<br \/>\nPutna dokumentacija \u0161alje se gostu putem Interneta ili po\u0161tom (prema dogovoru) te podrazumijeva potvrdu o uplati, te vouchere ukoliko je usluga u potpunosti upla\u0107ena od strane gosta.<\/p>\n<p>KATEGORIZACIJA I OPIS OBJEKATA<br \/>\nPonu\u0111eni smje\u0161tajni kapaciteti opisani su prema slu\u017ebenoj kategorizaciji doti\u010dne zemlje va\u017ee\u0107oj u trenutku izdavanja programa prema podacima koji su iz doti\u010dnih objekata poslani PDM Guliver Tourist Agency. Prehrana, komfor kao i druge usluge u ponudi hotela\/apartmana pod nadzorom su mjesnih turisti\u010dkih uprava, a standardi smje\u0161taja i usluga su razli\u010diti i nisu usporedivi. PDM Guliver Tourist Agency ne preuzima odgovornost za usmenu ili pismenu informaciju koja nije u skladu s opisom usluga i objekata u objavljenim programima, a koja je dobivena od strane tre\u0107e osobe. TA PDM Guliver ne odgovara u slu\u010daju neto\u010dnih podataka od strane poslovnih partnera \u2013 vlasnika smje\u0161tajnih kapaciteta.<\/p>\n<p>SMJE\u0160TAJ U APARTMANE I HOTELE<br \/>\nRaspored sobe\/apartmana odre\u0111uje recepcija u mjestu boravka. Ukoliko putnik nije izri\u010dito ugovorio sobu\/apartman posebnih odlika, prihvatit \u0107e bilo koju slu\u017ebeno registriranu smje\u0161tajnu jedinicu za izdavanje u pojedinom objektu opisanom u katalogu i cjeniku. Smje\u0161taj u sobi naj\u010de\u0161\u0107e nije mogu\u0107 prije 14.00 sati na dan po\u010detka kori\u0161tenja usluge, a isti se obavezno moraju napustiti do 10 sati na dan zavr\u0161etka kori\u0161tenja usluga. Dolaske iza 20 sati nu\u017eno je najaviti unaprijed, osim ako nije druga\u010dije nazna\u010deno. Boravak ku\u0107nih ljubimaca dozvoljen je u pojedina\u010dnim slu\u010dajevima uz obaveznu doplatu.<\/p>\n<p>ODUSTAJANJE OD PUTOVANJA<br \/>\nU slu\u010daju otkaza rezervacije najmanje 28 dana prije dolaska, vra\u0107amo upla\u0107enu akontaciju umanjenu za 20 % (tro\u0161kovi povrata); u protivnom, akontacija \u0107e biti zadr\u017eana. Soba \u0107e \u010dekati do 21.00 sat ugovorenog dana dolaska!<br \/>\nNavedeni tro\u0161kovi otkaza primjenjuju se i na promjene datuma polaska ili smje\u0161tajnog objekta, odnosno tipa sobe\/apartmana kao i na sve druge bitne promjene. Ako putnik koji otka\u017ee putovanje na\u0111e novog korisnika iste rezervacije, PDM Guliver Tourist Agency zara\u010dunava samo tro\u0161kove uzrokovane zamjenom.<\/p>\n<p>PUTNE ISPRAVE<br \/>\nPutnici su obvezni posjedovati valjane osobne putne isprave. Nevaljane isprave, koje imaju za posljedicu odustajanje od putovanja, a ukoliko bi zbog takvog propusta putnika PDM Guliver Tourist Agency pretrpio dodatnu \u0161tetu, putnik je du\u017ean istu nadoknaditi. Ukoliko za vrijeme putovanja do\u0111e do gubitka ili kra\u0111e putnih isprava, tro\u0161kove izdavanja novih isprava snosi sam putnik. PDM Guliver Tourist Agency nije odgovoran za odluke carinskih i policijskih i drugih dr\u017eavnih tijela kojima se putniku ne dozvoljava ulazak u pojedinu zemlju.<\/p>\n<p>DEVIZNI I CARINSKI PROPISI<br \/>\nPutnici su du\u017eni pridr\u017eavati se deviznih i carinskih propisa, kao i zakona i drugih podzakonskih propisa Republike Hrvatske i drugih zemalja kroz koje prolaze i u kojima borave. U slu\u010daju nemogu\u0107nosti nastavka putovanja radi kr\u0161enja propisa od strane putnika, sve nastale tro\u0161kove snosi sam prekr\u0161itelj.<\/p>\n<p>REKLAMACIJE<br \/>\nGost je du\u017ean prilikom ulaska u apartman dobro pogledati dali on odgovara apartmanu iz ugovora a ako ima neki prigovor, du\u017ean je do isteka toga dana (kraja dana) na to upozoriti TA PDM Guliver koja \u0107e u najkra\u0107em mogu\u0107em roku nastojati gre\u0161ku ispraqviti. Kasnije primljeni prigovori se ne\u0107e uva\u017eiti. Na reklamacije koje se ne mogu otkloniti u roku od 2 dana gost \u2013 putnik ima pravo nadoknade \u2013 popusta na cijenu aran\u017emana od 5%. Putnik i PDM Guliver Tourist Agency \u0107e sporove nastojati razrije\u0161iti sporazumno, a u suprotnom ugovaraju nadle\u017enost Op\u0107inskog suda suda u Krku. Mjerodavno pravo \u0107e biti Hrvatsko pravo.<\/p>\n<p>OBVEZE PDM Guliver TOURIST AGENCY<br \/>\nPDM Guliver Tourist Agency je du\u017ean brinuti se o izvr\u0161enju usluga, kao i o izboru davatelja usluga, pa\u017enjom dobrog gospodarstvenika te skrbiti o pravima i interesima putnika sukladno dobrim obi\u010dajima u turizmu. Du\u017ean je putniku pru\u017eiti sve ugovorene usluge za pojedini aran\u017eman te dati odgovore zbog eventualnog neizvr\u0161enja usluga ili dijela usluga. Sve navedene obveze iz svojih programa \u0107e izvesti u potpunosti i na opisani na\u010din, osim u slu\u010daju \u201cvi\u0161e\u201d sile ili promijenjenih okolnosti. Ako bude mogu\u0107e PDM Guliver Tourist Agency \u0107e u takvim slu\u010dajevima ponuditi zamjensko rje\u0161enje. PDM Guliver Tourist Agency nije du\u017ean pru\u017eati usluge van ovih Uvjeta.<\/p>\n<p>OBVEZE PUTNIKA<br \/>\nPutnik je du\u017ean brinuti se da osobno ispuni uvjete predvi\u0111ene propisima Republike Hrvatske i zemlje kroz koju ili u koju putuje, te da se pridr\u017eava ku\u0107nog reda u hotelskim i drugim objektima i da sura\u0111uje s predstavnikom organizatora i davateljima usluga. Putnik sam odgovara za \u0161tetu koju prouzro\u010di, a posebno za \u0161tetu koja je nastala kao posljedica nepo\u0161tivanja ugovora i ovih op\u0107ih uvjeta. \u0160tetu koju je prouzro\u010dio, putnik \u0107e snositi odmah na recepciji hotela i na drugom mjestu odre\u0111enom od fizi\u010dke ili pravne osobe kojoj je \u0161tetu nanio.<\/p>\n<p>ZAVR\u0160NE ODREDBE<br \/>\nOvi op\u0107i Uvjeti putovanja sastavni su dio Ugovora kojeg putnik sklapa sPDM Guliver Tourist Agency. Mogu\u0107a\/predvi\u0111ena odstupanja od ovih Uvjeta, moraju biti navedena uz tekst programa putovanja. Uplatom akontacije putnik u cijelosti prihva\u0107a program i uvjete putovanja.<\/p>\n","protected":false},"excerpt":{"rendered":"<p>Upute i uvjeti rezervacije putovanja i odmora OP\u0106I UVJETI Putnik se pismenim odnosno usmenim putem obvezuje da u cijelosti prihva\u0107a ove Uvjete rezervacije putovanja koje je prethodno pa\u017eljivo prou\u010dio. Prilikom prijave, a u svrhu rezervacije odabrane usluge, putnik upla\u0107uje 30% cijene aran\u017emana (po objektu) osim ako u programu nije druk\u010dije navedeno. Ostatak iznosa do pune [&hellip;]<\/p>\n","protected":false},"author":2,"featured_media":0,"parent":0,"menu_order":0,"comment_status":"closed","ping_status":"closed","template":"","meta":{"footnotes":""},"class_list":["post-976","page","type-page","status-publish","hentry"],"_links":{"self":[{"href":"https:\/\/pdm-guliver.bitmedix.eu\/hr\/wp-json\/wp\/v2\/pages\/976","targetHints":{"allow":["GET"]}}],"collection":[{"href":"https:\/\/pdm-guliver.bitmedix.eu\/hr\/wp-json\/wp\/v2\/pages"}],"about":[{"href":"https:\/\/pdm-guliver.bitmedix.eu\/hr\/wp-json\/wp\/v2\/types\/page"}],"author":[{"embeddable":true,"href":"https:\/\/pdm-guliver.bitmedix.eu\/hr\/wp-json\/wp\/v2\/users\/2"}],"replies":[{"embeddable":true,"href":"https:\/\/pdm-guliver.bitmedix.eu\/hr\/wp-json\/wp\/v2\/comments?post=976"}],"version-history":[{"count":0,"href":"https:\/\/pdm-guliver.bitmedix.eu\/hr\/wp-json\/wp\/v2\/pages\/976\/revisions"}],"wp:attachment":[{"href":"https:\/\/pdm-guliver.bitmedix.eu\/hr\/wp-json\/wp\/v2\/media?parent=976"}],"curies":[{"name":"wp","href":"https:\/\/api.w.org\/{rel}","templated":true}]}}