{"id":4287,"date":"2021-07-30T21:11:53","date_gmt":"2021-07-30T19:11:53","guid":{"rendered":"https:\/\/pdm-guliver.hr\/?page_id=4287"},"modified":"2025-03-21T04:55:58","modified_gmt":"2025-03-21T03:55:58","slug":"welcome-2","status":"publish","type":"page","link":"https:\/\/pdm-guliver.bitmedix.eu\/hr\/","title":{"rendered":"Dobro do\u0161li"},"content":{"rendered":"<div class=\"wpb-content-wrapper\"><p>[vc_row][vc_column css_animation=&#8221;fadeIn&#8221; awb_type=&#8221;video&#8221; awb_image_background_position=&#8221;50% 50%&#8221; awb_video_mobile=&#8221;1&#8243; awb_video_always_play=&#8221;1&#8243; el_class=&#8221;videobaska&#8221; css=&#8221;.vc_custom_1620600301446{margin-top: 0px !important;margin-right: 0px !important;margin-bottom: 0px !important;margin-left: 0px !important;border-top-width: 0px !important;border-right-width: 0px !important;border-bottom-width: 0px !important;border-left-width: 0px !important;padding-top: 0px !important;padding-right: 0px !important;padding-bottom: 0px !important;padding-left: 0px !important;}&#8221; awb_image=&#8221;2373&#8243; awb_video_mp4=&#8221;2407&#8243; awb_video_start_time=&#8221;0&#8243;][\/vc_column][\/vc_row][vc_row css=&#8221;.vc_custom_1620523067185{background-color: #ffffff !important;}&#8221;][vc_column width=&#8221;1\/6&#8243; css=&#8221;.vc_custom_1620523513171{background-color: #ffffff !important;}&#8221; offset=&#8221;vc_col-md-offset-0 vc_hidden-sm vc_hidden-xs&#8221;][\/vc_column][vc_column width=&#8221;2\/3&#8243; css=&#8221;.vc_custom_1620715717361{margin-top: 10px !important;margin-right: 0px !important;margin-bottom: 0px !important;margin-left: 0px !important;border-top-width: 0px !important;border-right-width: 0px !important;border-bottom-width: 0px !important;border-left-width: 0px !important;padding-top: 0px !important;padding-right: 0px !important;padding-bottom: 0px !important;padding-left: 0px !important;background-color: #ffffff !important;}&#8221;][vc_cta h2=&#8221;U\u017eivajte u va\u0161em odmoru u lijepoj Ba\u0161ki i na\u0161im apartmanima&#8221; color=&#8221;sky&#8221; add_button=&#8221;left&#8221; btn_title=&#8221;Izaberite smje\u0161taj&#8221; btn_color=&#8221;primary&#8221; btn_align=&#8221;left&#8221; css_animation=&#8221;none&#8221; btn_button_block=&#8221;true&#8221; css=&#8221;.vc_custom_1627844675872{margin-top: 0px !important;margin-right: 0px !important;margin-bottom: 0px !important;margin-left: 0px !important;border-top-width: 0px !important;border-right-width: 0px !important;border-bottom-width: 0px !important;border-left-width: 0px !important;padding-top: 10px !important;padding-right: 40px !important;padding-bottom: 0px !important;padding-left: 40px !important;background-color: #ffffff !important;}&#8221; btn_link=&#8221;url:http%3A%2F%2Fpdm-guliver.hr%2Fhr%2Fapartmani%2F&#8221;]<\/p>\n<p><span style=\"font-size: 18px;\">U\u017eivajte u prekrasnoj Ba\u0161ki i na\u0161im apartmanima.<br \/>Odaberite na\u0161e apartmane i istra\u017eite brojne znamenitosti, najve\u0107u i najljep\u0161u pla\u017eu na Jadranu. Pro\u0161e\u0107ite na\u0161im pje\u0161a\u010dkim stazama i otkrijte krasne poglede.<\/span><\/p>\n<p>[\/vc_cta][\/vc_column][vc_column width=&#8221;1\/6&#8243; css=&#8221;.vc_custom_1620523537457{background-color: #ffffff !important;}&#8221; offset=&#8221;vc_col-md-offset-0 vc_hidden-sm vc_hidden-xs&#8221;][\/vc_column][\/vc_row]<\/p>\n<\/div>","protected":false},"excerpt":{"rendered":"<p>[vc_row][vc_column css_animation=&#8221;fadeIn&#8221; awb_type=&#8221;video&#8221; awb_image_background_position=&#8221;50% 50%&#8221; awb_video_mobile=&#8221;1&#8243; awb_video_always_play=&#8221;1&#8243; el_class=&#8221;videobaska&#8221; css=&#8221;.vc_custom_1620600301446{margin-top: 0px !important;margin-right: 0px !important;margin-bottom: 0px !important;margin-left: 0px !important;border-top-width: 0px !important;border-right-width: 0px !important;border-bottom-width: 0px !important;border-left-width: 0px !important;padding-top: 0px !important;padding-right: 0px !important;padding-bottom: 0px !important;padding-left: 0px !important;}&#8221; awb_image=&#8221;2373&#8243; awb_video_mp4=&#8221;2407&#8243; awb_video_start_time=&#8221;0&#8243;][\/vc_column][\/vc_row][vc_row css=&#8221;.vc_custom_1620523067185{background-color: #ffffff !important;}&#8221;][vc_column width=&#8221;1\/6&#8243; css=&#8221;.vc_custom_1620523513171{background-color: #ffffff !important;}&#8221; offset=&#8221;vc_col-md-offset-0 vc_hidden-sm vc_hidden-xs&#8221;][\/vc_column][vc_column width=&#8221;2\/3&#8243; css=&#8221;.vc_custom_1620715717361{margin-top: 10px !important;margin-right: 0px !important;margin-bottom: 0px !important;margin-left: 0px [&hellip;]<\/p>\n","protected":false},"author":1,"featured_media":0,"parent":0,"menu_order":0,"comment_status":"closed","ping_status":"closed","template":"redux-templates_full_width","meta":{"footnotes":""},"class_list":["post-4287","page","type-page","status-publish","hentry"],"_links":{"self":[{"href":"https:\/\/pdm-guliver.bitmedix.eu\/hr\/wp-json\/wp\/v2\/pages\/4287","targetHints":{"allow":["GET"]}}],"collection":[{"href":"https:\/\/pdm-guliver.bitmedix.eu\/hr\/wp-json\/wp\/v2\/pages"}],"about":[{"href":"https:\/\/pdm-guliver.bitmedix.eu\/hr\/wp-json\/wp\/v2\/types\/page"}],"author":[{"embeddable":true,"href":"https:\/\/pdm-guliver.bitmedix.eu\/hr\/wp-json\/wp\/v2\/users\/1"}],"replies":[{"embeddable":true,"href":"https:\/\/pdm-guliver.bitmedix.eu\/hr\/wp-json\/wp\/v2\/comments?post=4287"}],"version-history":[{"count":5,"href":"https:\/\/pdm-guliver.bitmedix.eu\/hr\/wp-json\/wp\/v2\/pages\/4287\/revisions"}],"predecessor-version":[{"id":7565,"href":"https:\/\/pdm-guliver.bitmedix.eu\/hr\/wp-json\/wp\/v2\/pages\/4287\/revisions\/7565"}],"wp:attachment":[{"href":"https:\/\/pdm-guliver.bitmedix.eu\/hr\/wp-json\/wp\/v2\/media?parent=4287"}],"curies":[{"name":"wp","href":"https:\/\/api.w.org\/{rel}","templated":true}]}}