{"id":1142,"date":"2021-03-01T08:17:10","date_gmt":"2021-03-01T07:17:10","guid":{"rendered":"http:\/\/pdm-guliver.hr\/?page_id=1142"},"modified":"2022-12-17T18:16:22","modified_gmt":"2022-12-17T17:16:22","slug":"about-baska","status":"publish","type":"page","link":"https:\/\/pdm-guliver.bitmedix.eu\/hr\/about-baska\/","title":{"rendered":"Ba\u0161ka"},"content":{"rendered":"<p><img decoding=\"async\" class=\"alignnone size-large wp-image-1152\" src=\"http:\/\/pdm-guliver.hr\/wp-content\/uploads\/2021\/03\/Untitled_Panorama2-1024x233.jpg\" alt=\"\" width=\"100%\" height=\"233\" srcset=\"https:\/\/pdm-guliver.bitmedix.eu\/wp-content\/uploads\/2021\/03\/Untitled_Panorama2-1024x233.jpg 1024w, https:\/\/pdm-guliver.bitmedix.eu\/wp-content\/uploads\/2021\/03\/Untitled_Panorama2-300x68.jpg 300w, https:\/\/pdm-guliver.bitmedix.eu\/wp-content\/uploads\/2021\/03\/Untitled_Panorama2-768x174.jpg 768w, https:\/\/pdm-guliver.bitmedix.eu\/wp-content\/uploads\/2021\/03\/Untitled_Panorama2-1536x349.jpg 1536w, https:\/\/pdm-guliver.bitmedix.eu\/wp-content\/uploads\/2021\/03\/Untitled_Panorama2-2048x465.jpg 2048w\" sizes=\"(max-width: 1024px) 100vw, 1024px\" \/><\/p>\n<p>Ba\u0161ka, Ba\u0161\u0107ansko podru\u010dje na jugoistoku otoka je po nekim svojim zan\u010dajkama iznimno. Kada se od puntarske drage penjemo uzbrdo i na oko 330 m prelazimo obronke Treskavca, s najvi\u0161im vrhovima otoka (Obzova, oko 570 m) pa se sasvim iznenada i naglo na\u0111emo pred ba\u0161\u0107anskom kotlinom, ostajemo zate\u010deni, gotovo bez daha. Jer, nismo bili pripremljeni na ba\u0161 takvu igru prirode, spoj planina i mora.<br \/>\nUpravo ovdje, oko 1100. godine nastaje krsni list Hrvata- Ba\u0161\u0107anska plo\u010da. Ba\u0161ka je prepoznatljiva i po jednoj od najve\u0107ih i najljep\u0161ih \u0161ljun\u010danih pla\u017ea na Jadranu, du\u017eine u polukrugu vi\u0161e od 1 800 metara. Prirodno fini pijesak posebice omogu\u0107uje nepliva\u010dima i djeci u\u017eivanje na pla\u017ei, jer se dubina mora postupno pove\u0107ava.<\/p>\n<p>Poput ostalih kr\u010dkih mjesta, i u starom dijelu ovoga su mjesta uske uli\u010dice, ku\u0107e blizu jedna drugoj tako da je ugo\u0111aj tipi\u010dan mediteranski.<\/p>\n<p>Osim prekrasne pla\u017ee, Ba\u0161ka je zanimljiva po svojoj karakteristi\u010dnoj arhitekturi, brojnim kulturnopovijesnim spomenicima te po okolnim izletni\u010dkim stazama. Ba\u0161ka je prepoznatljiva i po smje\u0161tajnim objektima visoke razine, od hotela, kampova pa se do privatnih smje\u0161tajnih kapaciteta.<\/p>\n<p>Za\u010deci turizma se\u017eu daleko na po\u010detak dvadesetog stolje\u0107a, kada se ovdje 1904. godine osniva &#8220;Dru\u0161tvo za poljep\u0161anje grada&#8221;, dvije godine kasnije otvoren je i prvi hotel, a 1908. godine ure\u0111eno kupali\u0161te s kupali\u0161nom zgradom. Prvi su gosti bili \u010cesi koji su i danas vjerni mjestu. Ovi gosti do\u0161li su zahvaljuju\u0107i direktoru pra\u0161ke &#8220;Narodne politike&#8221; Emilu Geistlichu, velikom prijatelju mjesta, koji je pronio glas o ljepoti ovog kraja. Ba\u0161\u0107ani su mu zahvalili spomenikom uz pla\u017eu.<\/p>\n<p><img decoding=\"async\" class=\"alignnone size-large wp-image-1153\" src=\"http:\/\/pdm-guliver.hr\/wp-content\/uploads\/2021\/03\/IMG_5651_stitch-1024x317.jpg\" alt=\"\" width=\"100%\" height=\"317\" srcset=\"https:\/\/pdm-guliver.bitmedix.eu\/wp-content\/uploads\/2021\/03\/IMG_5651_stitch-1024x317.jpg 1024w, https:\/\/pdm-guliver.bitmedix.eu\/wp-content\/uploads\/2021\/03\/IMG_5651_stitch-300x93.jpg 300w, https:\/\/pdm-guliver.bitmedix.eu\/wp-content\/uploads\/2021\/03\/IMG_5651_stitch-768x238.jpg 768w, https:\/\/pdm-guliver.bitmedix.eu\/wp-content\/uploads\/2021\/03\/IMG_5651_stitch-1536x476.jpg 1536w, https:\/\/pdm-guliver.bitmedix.eu\/wp-content\/uploads\/2021\/03\/IMG_5651_stitch-2048x635.jpg 2048w, https:\/\/pdm-guliver.bitmedix.eu\/wp-content\/uploads\/2021\/03\/IMG_5651_stitch-1614x500.jpg 1614w\" sizes=\"(max-width: 1024px) 100vw, 1024px\" \/><\/p>\n","protected":false},"excerpt":{"rendered":"<p>Ba\u0161ka, Ba\u0161\u0107ansko podru\u010dje na jugoistoku otoka je po nekim svojim zan\u010dajkama iznimno. Kada se od puntarske drage penjemo uzbrdo i na oko 330 m prelazimo obronke Treskavca, s najvi\u0161im vrhovima otoka (Obzova, oko 570 m) pa se sasvim iznenada i naglo na\u0111emo pred ba\u0161\u0107anskom kotlinom, ostajemo zate\u010deni, gotovo bez daha. Jer, nismo bili pripremljeni na [&hellip;]<\/p>\n","protected":false},"author":2,"featured_media":0,"parent":0,"menu_order":0,"comment_status":"closed","ping_status":"closed","template":"","meta":{"footnotes":""},"class_list":["post-1142","page","type-page","status-publish","hentry"],"_links":{"self":[{"href":"https:\/\/pdm-guliver.bitmedix.eu\/hr\/wp-json\/wp\/v2\/pages\/1142","targetHints":{"allow":["GET"]}}],"collection":[{"href":"https:\/\/pdm-guliver.bitmedix.eu\/hr\/wp-json\/wp\/v2\/pages"}],"about":[{"href":"https:\/\/pdm-guliver.bitmedix.eu\/hr\/wp-json\/wp\/v2\/types\/page"}],"author":[{"embeddable":true,"href":"https:\/\/pdm-guliver.bitmedix.eu\/hr\/wp-json\/wp\/v2\/users\/2"}],"replies":[{"embeddable":true,"href":"https:\/\/pdm-guliver.bitmedix.eu\/hr\/wp-json\/wp\/v2\/comments?post=1142"}],"version-history":[{"count":0,"href":"https:\/\/pdm-guliver.bitmedix.eu\/hr\/wp-json\/wp\/v2\/pages\/1142\/revisions"}],"wp:attachment":[{"href":"https:\/\/pdm-guliver.bitmedix.eu\/hr\/wp-json\/wp\/v2\/media?parent=1142"}],"curies":[{"name":"wp","href":"https:\/\/api.w.org\/{rel}","templated":true}]}}