{"id":976,"date":"2021-02-17T17:10:03","date_gmt":"2021-02-17T17:10:03","guid":{"rendered":"http:\/\/pdm-guliver.hr\/?page_id=976"},"modified":"2022-12-17T18:38:34","modified_gmt":"2022-12-17T17:38:34","slug":"terms-conditions","status":"publish","type":"page","link":"https:\/\/pdm-guliver.bitmedix.eu\/de\/agb\/","title":{"rendered":"AGB"},"content":{"rendered":"<p>Der Gast verpflichtet sich schriftlich oder m\u00fcndlich dass er alle hier gennannte Allgemeine Bedingungen akzeptiert d.h. dass er gr\u00fcndlich die selben gelesen hat. W\u00e4hrend der Anmeldung und im Reservierungszweck der Leistung, zahlt der Gast 30% des Arrangemenstpreises \u2013 ausser im Programm nicht anders genannt. Die Differenz bis vollen Arrangementpreis zahlt man vor Ort in Kuna \u2013 ausser im Programm anders gennannt.<\/p>\n<p>&nbsp;<\/p>\n<p>DIENSLEISTUNGSPREISE<\/p>\n<p>Der Preis der Dienstleistung ist im Reiseprogramm angegeben. Alle zus\u00e4tzliche Leistungen die im Preis nicht inbegriffen sind, zahlt der Gast selbst und ist verpflichtet, die gleichen w\u00e4hrend der B uchung oder auf Anfrage vor Ort zu bestellen.<\/p>\n<p>&nbsp;<\/p>\n<p>PREISWECHSEL<\/p>\n<p>PDM Guliver Tourist Agency behaltet sich das Recht, Preise zu \u00e4ndern, falls es zur gr\u00f6ssere Kursdifferenzen kommt im Verh\u00e4ltnis zu dem Tag, am welchen die Preise ver\u00f6ffentlicht wurden ( hoeher als 0,5 %), und falls es zur \u00c4nderung der Tariffen des Partners kommt. PDM Guliver\u00a0 Tourist Agency kann dem Reisenden den Preiswechsel schrifftlich oder m\u00fcndlich mitteilen. Der Gast kann seine Reise ohne Stornokosten absagen falls der Preis hoeher als 10% im Bezug auf den vereinbarten Preis ist, und dass soll er sp\u00e4testens innerhalb 48 Stunden machen. Falls der Gast die Reise nicht schriftlich oder pers\u00f6nlich innerhalb dieser Frist absagt, betrachtet PDM Guliver Tourist Agency dass er mit dem Preiswechsel einverstanden ist. Die Preise die zwischen demReisenden und PDM Guliver Tourist Agency vereinbart sind k\u00f6nnen auch nicht dieselbe sein, die der Gast in der gew\u00fcnschter Destination sehen kann.<\/p>\n<p>&nbsp;<\/p>\n<p>REISEDOKUMENTATION<\/p>\n<p>Die Reisedokumentation bekommt der Gast mittels Internet oder per Post ( je nachdem was vereinbart ist) und es beinhaltet: die Buchungsbest\u00e4tigung, im Falle die Leistung mit die Anzahlung bezahlt wurde.<\/p>\n<p>&nbsp;<\/p>\n<p>KATEGORISIERUNG UND BESCHREIBUNG DER OBJEKTE<\/p>\n<p>Die angebotene Unterbringungskapazit\u00e4ten sind laut der offiziellen Kategorisierung des Landes beschreibt, die g\u00fcltig im Moment der Ver\u00f6ffentlichung des Programms laut Informationen von PDM Guliver Tourist Agency, oder laut Informationen, die aus den Objekten des Partners an PDM Guliver Tourist Agency gesendet wurden. PDM Guliver Tourist Agency \u00fcbernimmt keine Verantwortung f\u00fcr eventuelle m\u00fcndliche und schriftliche Information, die nicht im Einklang mit der Beschreibungen der Diensleistungen und Objekten in angek\u00fcndigten Programme sind und welche von einer dritten Person erhaltet wurden. PDM Guliver Tourist Agency ist nicht verantwortlich im Falle falscher Daten von der Seite der Gesch\u00e4ftspartner.<\/p>\n<p>&nbsp;<\/p>\n<p>UNTERBRINGUNG IM APPARTEMENTS UND HOTEL<\/p>\n<p>Die Rezeption im Urlaubsort bestimmt die Zimmereinteilung. Falls der Gast kein spezielles Zimmer bzw. Freienwohnung vereinbart hat, wird er jedes Zimmer die offiziell registriert ist und die sich im beschriebenen Katalog und Preisliste befindet, akzeptieren. Check in ist am Anreisetag nicht vor 14 Uhr m\u00f6glich und check out soll am Abreisetag bis 11 Uhr sein. Die Ank\u00fcnfte nach 20 Uhr soll man im voraus melden falls nicht anders vereinbart. Die Haustiere sind in den.<\/p>\n<p>REISER\u00dcCKTRITT<\/p>\n<p>Wenn Sie die Buchung sp\u00e4testens 28 Tage vor der Ankunft stornieren, bekommen Sie die Anzahlung verringert fuer Bankkosten der Zur\u00fcckzahlung zur\u00fcck. Das Appartement \/ Zimmer wird am Anreistag bis 21.00 Uhr Verf\u00fcgung stehen.<\/p>\n<p>Diese Stornogeb\u00fchren gelten auch f\u00fcr die Abreise oder Objekt, oder die Art der Zimmer \/ Appartement sowie weitere wichtige \u00c4nderungen zu \u00e4ndern. Wenn der Gast, der die Reise absagt, einen anderen Nutzniesser der gleichen Buchung findet, Splendido.Web Tourist Agency berechnet nur die durch den Wechsel verursachte Kosten.<\/p>\n<p>&nbsp;<\/p>\n<p>REISEDOKUMENTATION<\/p>\n<p>Die G\u00e4ste sind verpflichtet, g\u00fcltige Reisedokumente zu haben. Falls es wegen nicht g\u00fctligen Reservierungdokumenten (Ausweise) zum Reiser\u00fccktritt kommt, und zugleich an Splendido.Web Tourist Agency ein Schaden zugef\u00fcgt wird, ist der Gast verpflichtet, eventuelle Schaden zu ersetzen. Falls im Laufe der Reise der Gast die Reisedokumente (Ausweise) verliert oder die Reisedokumente gestohlen werden \u2013 muss er selbst die Kosten f\u00fcr eventuelle neue Dokumente tragen. Falls dem Gast der Eintritt in das Land aus irgenwelchen Gr\u00fcnden verboten wird (Zollamt, Polizei o.\u00e4.) \u00fcbernimmt sich Splendido.Web Tourist Agency keine Verantwortung.<\/p>\n<p>&nbsp;<\/p>\n<p>DEVISEN- UND ZOLLBESTIMMUNGEN<\/p>\n<p>Der Gast ist verpflichtet, die Devisen- und Zollbestimmungen sowie andere Gesetze der Republik Kroatien und anderen L\u00e4ndern, in welche der Gast reist, streng zu befolgen.<\/p>\n<p>&nbsp;<\/p>\n<p>REKLAMATIONEN<\/p>\n<p>Es ist im Interesse des Gastes, eventuelle Reklamationen vor Ort zu erledigen. Falls es auch nach der Einrede des Gastes um keine Besserung kommt, muss der Gast eine Quittung verlangen, in welcher es schreiben soll, dass der Gast die vereinbarten Diensleistungen nicht bekommen hat. Die Quittung soll der Gast an eine schriftliche Reklamation beilegen. Die Frist f\u00fcr die Erhebung der Reklamationen betr\u00e4gt 8 Tage ab dem Abreisetag des Gastes. Nach dieser Frist, ist Splendido.Web Tourist Agency nicht verpflichtet, die Reklamation zu akzeptieren. Splendido.Web Tourist Agency ist verpflichtet, eine schriftliche L\u00f6sung dieses Einwandes unterbreiten. Splendido.Web Tourist Agency wird nur die jenigen Reklamationen erldigen, die man nicht im Urlaubsort l\u00f6sen konnte. Solange das Verfahren dauert, verzichtet der Gast auf die Vermittlung einer anderen Person oder Institution, wie auch des Gebens der Informationen an Medien. Solange dasVerfahren dauert,verzichtet der Gast auf das Klagerecht. Der h\u00f6chste Betrag der Entsch\u00e4digung nach dem Einwand kann den reklamierten Teil der Diensleistung erreichen, kann aber nicht die schon ausgen\u00fctzten Dienstleistungen sowie den ganzen Betrag des Arrangements einschliessen. Der Gast und Splendido.Web Tourist Agency versuchen alle eventuelle Streitf\u00e4lle einig zu kl\u00e4ren, anderenfalls wird das Gericht (\u017dupanijski sud) in Rijeka und die kroatische Jurispundenz zust\u00e4ndig sein.<\/p>\n<p>&nbsp;<\/p>\n<p>VERPFLICHTUNGEN DER SPLENDIDO TOURIST AGENCY<\/p>\n<p>Splendido.Web Tourist Agency ist verpflichtet, die Diensleistungsausf\u00fchrung zu realisieren, sich um den Wahl der Diensleistungsgeber sowie sich um die Rechte und Interesse des Gastes zu k\u00fcmmern, mit guten Tourismususanzen \u00fcbereinstimmend. Splendido.Web Tourist Agency verpflichtet sich, dem Reisenden alle vereinbarte Diensleistungen anzubieten und an evenuelle Fragen \u00fcber evenuellen nicht realisierten Diensleistungen zu beantworten. Splendido.Web Tourist Agency wird alle Verpflichtungen aus dem Programm realisieren \u2013 ausser im Falle h\u00f6herer Gewalt, des Unwetters oder der ge\u00e4nderten Umst\u00e4nden. Falls m\u00f6glich, wird Splendido.Web Tourist Agency eine Ersatzunterkunft anbieten. Splendido.Web Tourist Agency ist nicht verpflichtet Diensleistungen ausser dieser Bedingunen anzubieten.<\/p>\n<p>&nbsp;<\/p>\n<p>VERPFLICHTUNGEN DES GASTES<\/p>\n<p>Der Gast ist verpflichtet, alle Bedingungen pers\u00f6nlich, laut kroatischen Gesetzen zu erf\u00fchlen. Ausserdem soll der Gast, die Hausordnung in den Hotels und in den anderen Objekten respektieren und mit dem Betreuer bzw. Diensleistungsanbieter zusammenarbeiten. Die Kosten f\u00fcr den Schaden, den der Gast selbst verursacht hat, soll man gleich vor Ort oder im einen enderen Ort, der von der Seite einer juristischen oder physischen Person bestimmt war, der der Schaden zugef\u00fcgt wurde, ersetzen.<\/p>\n<p>&nbsp;<\/p>\n<p>ABSCHLUSSBESTIMMUNGEN<\/p>\n<p>Diese allgemeine Bedingungen sind Teil des Vetrages, den der Gast mit Splendido.Web Tourist Agency schliesst. Die m\u00f6glichen Abweichungen von diesen Allgemeinen Bedingungen sollen im Text des Programms eingetragen sein. Mit der Anzahlung, nimmt der Gast im ganzen das Program und Bedingungen an<\/p>\n","protected":false},"excerpt":{"rendered":"<p>Der Gast verpflichtet sich schriftlich oder m\u00fcndlich dass er alle hier gennannte Allgemeine Bedingungen akzeptiert d.h. dass er gr\u00fcndlich die selben gelesen hat. W\u00e4hrend der Anmeldung und im Reservierungszweck der Leistung, zahlt der Gast 30% des Arrangemenstpreises \u2013 ausser im Programm nicht anders genannt. Die Differenz bis vollen Arrangementpreis zahlt man vor Ort in Kuna [&hellip;]<\/p>\n","protected":false},"author":2,"featured_media":0,"parent":0,"menu_order":0,"comment_status":"closed","ping_status":"closed","template":"","meta":{"footnotes":""},"class_list":["post-976","page","type-page","status-publish","hentry"],"_links":{"self":[{"href":"https:\/\/pdm-guliver.bitmedix.eu\/de\/wp-json\/wp\/v2\/pages\/976","targetHints":{"allow":["GET"]}}],"collection":[{"href":"https:\/\/pdm-guliver.bitmedix.eu\/de\/wp-json\/wp\/v2\/pages"}],"about":[{"href":"https:\/\/pdm-guliver.bitmedix.eu\/de\/wp-json\/wp\/v2\/types\/page"}],"author":[{"embeddable":true,"href":"https:\/\/pdm-guliver.bitmedix.eu\/de\/wp-json\/wp\/v2\/users\/2"}],"replies":[{"embeddable":true,"href":"https:\/\/pdm-guliver.bitmedix.eu\/de\/wp-json\/wp\/v2\/comments?post=976"}],"version-history":[{"count":0,"href":"https:\/\/pdm-guliver.bitmedix.eu\/de\/wp-json\/wp\/v2\/pages\/976\/revisions"}],"wp:attachment":[{"href":"https:\/\/pdm-guliver.bitmedix.eu\/de\/wp-json\/wp\/v2\/media?parent=976"}],"curies":[{"name":"wp","href":"https:\/\/api.w.org\/{rel}","templated":true}]}}