{"id":4287,"date":"2021-07-30T21:11:53","date_gmt":"2021-07-30T19:11:53","guid":{"rendered":"https:\/\/pdm-guliver.hr\/?page_id=4287"},"modified":"2025-03-21T04:55:58","modified_gmt":"2025-03-21T03:55:58","slug":"welcome-2","status":"publish","type":"page","link":"https:\/\/pdm-guliver.bitmedix.eu\/de\/","title":{"rendered":"Willkommen"},"content":{"rendered":"<div class=\"wpb-content-wrapper\"><p>[vc_row][vc_column css_animation=&#8220;fadeIn&#8220; awb_type=&#8220;video&#8220; awb_image_background_position=&#8220;50% 50%&#8220; awb_video_mobile=&#8220;1&#8243; awb_video_always_play=&#8220;1&#8243; el_class=&#8220;videobaska&#8220; css=&#8220;.vc_custom_1620600301446{margin-top: 0px !important;margin-right: 0px !important;margin-bottom: 0px !important;margin-left: 0px !important;border-top-width: 0px !important;border-right-width: 0px !important;border-bottom-width: 0px !important;border-left-width: 0px !important;padding-top: 0px !important;padding-right: 0px !important;padding-bottom: 0px !important;padding-left: 0px !important;}&#8220; awb_image=&#8220;2373&#8243; awb_video_mp4=&#8220;2407&#8243; awb_video_start_time=&#8220;0&#8243;][\/vc_column][\/vc_row][vc_row css=&#8220;.vc_custom_1620523067185{background-color: #ffffff !important;}&#8220;][vc_column width=&#8220;1\/6&#8243; css=&#8220;.vc_custom_1620523513171{background-color: #ffffff !important;}&#8220; offset=&#8220;vc_col-md-offset-0 vc_hidden-sm vc_hidden-xs&#8220;][\/vc_column][vc_column width=&#8220;2\/3&#8243; css=&#8220;.vc_custom_1620715717361{margin-top: 10px !important;margin-right: 0px !important;margin-bottom: 0px !important;margin-left: 0px !important;border-top-width: 0px !important;border-right-width: 0px !important;border-bottom-width: 0px !important;border-left-width: 0px !important;padding-top: 0px !important;padding-right: 0px !important;padding-bottom: 0px !important;padding-left: 0px !important;background-color: #ffffff !important;}&#8220;][vc_cta h2=&#8220;Unsere Sch\u00f6nheiten entdecken &#8211; vom Meer bis zur Mondoberfl\u00e4che!&#8220; color=&#8220;sky&#8220; add_button=&#8220;left&#8220; btn_title=&#8220;Unterkunft w\u00e4hlen&#8220; btn_color=&#8220;primary&#8220; btn_size=&#8220;lg&#8220; css=&#8220;.vc_custom_1620333878302{background-color: #ffffff !important;}&#8220; btn_link=&#8220;url:http%3A%2F%2Fpdm-guliver.hr%2Fde%2Fferienwohnungen%2F|title:Ferienwohnungen&#8220;]W\u00e4hlen Sie unsere Unterkunftseinheiten und erkunden Sie die vielen Sehensw\u00fcrdigkeiten, den gr\u00f6\u00dften und am sch\u00f6nsten Strand der Adria. Machen Sie einen Spaziergang entlang unserer Wanderwege und entdecken Sie die sp\u00e4ten Aussichten auf die K\u00fcste.[\/vc_cta][\/vc_column][vc_column width=&#8220;1\/6&#8243; css=&#8220;.vc_custom_1620523537457{background-color: #ffffff !important;}&#8220; offset=&#8220;vc_col-md-offset-0 vc_hidden-sm vc_hidden-xs&#8220;][\/vc_column][\/vc_row]<\/p>\n<\/div>","protected":false},"excerpt":{"rendered":"<p>[vc_row][vc_column css_animation=&#8220;fadeIn&#8220; awb_type=&#8220;video&#8220; awb_image_background_position=&#8220;50% 50%&#8220; awb_video_mobile=&#8220;1&#8243; awb_video_always_play=&#8220;1&#8243; el_class=&#8220;videobaska&#8220; css=&#8220;.vc_custom_1620600301446{margin-top: 0px !important;margin-right: 0px !important;margin-bottom: 0px !important;margin-left: 0px !important;border-top-width: 0px !important;border-right-width: 0px !important;border-bottom-width: 0px !important;border-left-width: 0px !important;padding-top: 0px !important;padding-right: 0px !important;padding-bottom: 0px !important;padding-left: 0px !important;}&#8220; awb_image=&#8220;2373&#8243; awb_video_mp4=&#8220;2407&#8243; awb_video_start_time=&#8220;0&#8243;][\/vc_column][\/vc_row][vc_row css=&#8220;.vc_custom_1620523067185{background-color: #ffffff !important;}&#8220;][vc_column width=&#8220;1\/6&#8243; css=&#8220;.vc_custom_1620523513171{background-color: #ffffff !important;}&#8220; offset=&#8220;vc_col-md-offset-0 vc_hidden-sm vc_hidden-xs&#8220;][\/vc_column][vc_column width=&#8220;2\/3&#8243; css=&#8220;.vc_custom_1620715717361{margin-top: 10px !important;margin-right: 0px !important;margin-bottom: 0px !important;margin-left: 0px [&hellip;]<\/p>\n","protected":false},"author":1,"featured_media":0,"parent":0,"menu_order":0,"comment_status":"closed","ping_status":"closed","template":"redux-templates_full_width","meta":{"footnotes":""},"class_list":["post-4287","page","type-page","status-publish","hentry"],"_links":{"self":[{"href":"https:\/\/pdm-guliver.bitmedix.eu\/de\/wp-json\/wp\/v2\/pages\/4287","targetHints":{"allow":["GET"]}}],"collection":[{"href":"https:\/\/pdm-guliver.bitmedix.eu\/de\/wp-json\/wp\/v2\/pages"}],"about":[{"href":"https:\/\/pdm-guliver.bitmedix.eu\/de\/wp-json\/wp\/v2\/types\/page"}],"author":[{"embeddable":true,"href":"https:\/\/pdm-guliver.bitmedix.eu\/de\/wp-json\/wp\/v2\/users\/1"}],"replies":[{"embeddable":true,"href":"https:\/\/pdm-guliver.bitmedix.eu\/de\/wp-json\/wp\/v2\/comments?post=4287"}],"version-history":[{"count":5,"href":"https:\/\/pdm-guliver.bitmedix.eu\/de\/wp-json\/wp\/v2\/pages\/4287\/revisions"}],"predecessor-version":[{"id":7565,"href":"https:\/\/pdm-guliver.bitmedix.eu\/de\/wp-json\/wp\/v2\/pages\/4287\/revisions\/7565"}],"wp:attachment":[{"href":"https:\/\/pdm-guliver.bitmedix.eu\/de\/wp-json\/wp\/v2\/media?parent=4287"}],"curies":[{"name":"wp","href":"https:\/\/api.w.org\/{rel}","templated":true}]}}