{"id":1142,"date":"2021-03-01T08:17:10","date_gmt":"2021-03-01T07:17:10","guid":{"rendered":"http:\/\/pdm-guliver.hr\/?page_id=1142"},"modified":"2022-12-17T18:16:22","modified_gmt":"2022-12-17T17:16:22","slug":"about-baska","status":"publish","type":"page","link":"https:\/\/pdm-guliver.bitmedix.eu\/de\/about-baska\/","title":{"rendered":"Ba\u0161ka"},"content":{"rendered":"<p><img decoding=\"async\" class=\"alignnone size-large wp-image-1152\" src=\"http:\/\/pdm-guliver.hr\/wp-content\/uploads\/2021\/03\/Untitled_Panorama2-1024x233.jpg\" alt=\"\" width=\"100%\" height=\"233\" srcset=\"https:\/\/pdm-guliver.bitmedix.eu\/wp-content\/uploads\/2021\/03\/Untitled_Panorama2-1024x233.jpg 1024w, https:\/\/pdm-guliver.bitmedix.eu\/wp-content\/uploads\/2021\/03\/Untitled_Panorama2-300x68.jpg 300w, https:\/\/pdm-guliver.bitmedix.eu\/wp-content\/uploads\/2021\/03\/Untitled_Panorama2-768x174.jpg 768w, https:\/\/pdm-guliver.bitmedix.eu\/wp-content\/uploads\/2021\/03\/Untitled_Panorama2-1536x349.jpg 1536w, https:\/\/pdm-guliver.bitmedix.eu\/wp-content\/uploads\/2021\/03\/Untitled_Panorama2-2048x465.jpg 2048w\" sizes=\"(max-width: 1024px) 100vw, 1024px\" \/><\/p>\n<p>Ba\u0161ka, das Gebiet von Ba\u0161ka im S\u00fcdosten der Insel ist anhand einiger seiner Merkmale besonders. Wenn man von Puntarska draga bergauf steigt und auf etwa 330 m die Abh\u00e4nge von Treskavac, mit den h\u00f6chsten Gipfeln der Insel (Obzova, etwa 570 m), durchquert und sich dann v\u00f6llig unerwartet und \u00fcbereilt vor dem Gebirgskessel von Ba\u0161ka befindet, bleibt man sprachlos, fast ohne Atem. Denn man war nicht auf so ein Naturschauspiel, so eine Verbindung der Berge und des Meeres vorbereitet.<\/p>\n<p>Genau hier entsteht etwa um das Jahr 1100 die Taufurkunde der Kroaten \u2013 die Tafel von Ba\u0161ka (Ba\u0161\u0107anska plo\u010da). Ba\u0161ka ist erkennbar anhand einem der gr\u00f6\u00dften und sch\u00f6nsten Kiesstr\u00e4nde an der Adria, mit einer L\u00e4nge im Halbkreis von mehr als 1800 Metern. Der nat\u00fcrliche feine Sand erm\u00f6glicht besonders den Nichtschwimmern und Kindern das Genie\u00dfen am Strand, da sich die Meerestiefe stufenweise erh\u00f6ht.<\/p>\n<p>Wie auch in den anderen Orten Krks sind auch im alten Teil dieses Ortes enge G\u00e4sschen, H\u00e4user nahe beieinander und somit ist auch die Atmosph\u00e4re typisch mediterran.<\/p>\n<p>Au\u00dfer dem wundersch\u00f6nen Strand ist Ba\u0161ka aufgrund seiner charakteristischen Architektur, den zahlreichen kulturhistorischen Denkm\u00e4lern, sowie anhand der Ausflugswege in der Umgebung interessant. Ba\u0161ka ist auch anhand der Unterkunftsobjekte hohen Niveaus bekannt. Vom Hotel, Camp und ganz bis zu den privaten Unterkunftskapazit\u00e4ten.<\/p>\n<p>Die Anf\u00e4nge des Tourismus reichen weit bis zum Beginn des zwanzigsten Jahrhunderts, als hier im Jahr 1904 der \u00abVerein f\u00fcr die Versch\u00f6nerung der Stadt\u00bb gegr\u00fcndet wird. Zwei Jahre sp\u00e4ter wurde auch das erste Hotel er\u00f6ffnet, und im Jahr 1908 wurde ein Badeplatz mit einer Badeanstalt er\u00f6ffnet. Die ersten G\u00e4ste waren Tschechen, welche auch heute noch dem Ort treu sind. Diese G\u00e4ste kamen dank dem Direktor der Prager \u00abVolkspolitik\u00bb Emil Geistlich, einem gro\u00dfen Freund des Ortes, welcher den Ruf \u00fcber die Sch\u00f6nheit dieser Gegend verbreitet hat. Die Einwohner von Ba\u0161ka haben ihm mit einem Denkmal am Strand gedankt.<\/p>\n<p><img decoding=\"async\" class=\"alignnone size-large wp-image-1153\" src=\"http:\/\/pdm-guliver.hr\/wp-content\/uploads\/2021\/03\/IMG_5651_stitch-1024x317.jpg\" alt=\"\" width=\"100%\" height=\"317\" srcset=\"https:\/\/pdm-guliver.bitmedix.eu\/wp-content\/uploads\/2021\/03\/IMG_5651_stitch-1024x317.jpg 1024w, https:\/\/pdm-guliver.bitmedix.eu\/wp-content\/uploads\/2021\/03\/IMG_5651_stitch-300x93.jpg 300w, https:\/\/pdm-guliver.bitmedix.eu\/wp-content\/uploads\/2021\/03\/IMG_5651_stitch-768x238.jpg 768w, https:\/\/pdm-guliver.bitmedix.eu\/wp-content\/uploads\/2021\/03\/IMG_5651_stitch-1536x476.jpg 1536w, https:\/\/pdm-guliver.bitmedix.eu\/wp-content\/uploads\/2021\/03\/IMG_5651_stitch-2048x635.jpg 2048w, https:\/\/pdm-guliver.bitmedix.eu\/wp-content\/uploads\/2021\/03\/IMG_5651_stitch-1614x500.jpg 1614w\" sizes=\"(max-width: 1024px) 100vw, 1024px\" \/><\/p>\n","protected":false},"excerpt":{"rendered":"<p>Ba\u0161ka, das Gebiet von Ba\u0161ka im S\u00fcdosten der Insel ist anhand einiger seiner Merkmale besonders. Wenn man von Puntarska draga bergauf steigt und auf etwa 330 m die Abh\u00e4nge von Treskavac, mit den h\u00f6chsten Gipfeln der Insel (Obzova, etwa 570 m), durchquert und sich dann v\u00f6llig unerwartet und \u00fcbereilt vor dem Gebirgskessel von Ba\u0161ka befindet, [&hellip;]<\/p>\n","protected":false},"author":2,"featured_media":0,"parent":0,"menu_order":0,"comment_status":"closed","ping_status":"closed","template":"","meta":{"footnotes":""},"class_list":["post-1142","page","type-page","status-publish","hentry"],"_links":{"self":[{"href":"https:\/\/pdm-guliver.bitmedix.eu\/de\/wp-json\/wp\/v2\/pages\/1142","targetHints":{"allow":["GET"]}}],"collection":[{"href":"https:\/\/pdm-guliver.bitmedix.eu\/de\/wp-json\/wp\/v2\/pages"}],"about":[{"href":"https:\/\/pdm-guliver.bitmedix.eu\/de\/wp-json\/wp\/v2\/types\/page"}],"author":[{"embeddable":true,"href":"https:\/\/pdm-guliver.bitmedix.eu\/de\/wp-json\/wp\/v2\/users\/2"}],"replies":[{"embeddable":true,"href":"https:\/\/pdm-guliver.bitmedix.eu\/de\/wp-json\/wp\/v2\/comments?post=1142"}],"version-history":[{"count":0,"href":"https:\/\/pdm-guliver.bitmedix.eu\/de\/wp-json\/wp\/v2\/pages\/1142\/revisions"}],"wp:attachment":[{"href":"https:\/\/pdm-guliver.bitmedix.eu\/de\/wp-json\/wp\/v2\/media?parent=1142"}],"curies":[{"name":"wp","href":"https:\/\/api.w.org\/{rel}","templated":true}]}}